{"id":156,"date":"2022-11-10T18:39:52","date_gmt":"2022-11-10T18:39:52","guid":{"rendered":"https:\/\/agimp.it\/?page_id=156"},"modified":"2025-07-31T10:30:19","modified_gmt":"2025-07-31T10:30:19","slug":"chi-siamo","status":"publish","type":"page","link":"https:\/\/agimp.it\/index.php\/chi-siamo\/","title":{"rendered":"Chi siamo"},"content":{"rendered":"\r\n<p><strong>Perch\u00e9 un\u2019associazione di giornalisti musicali?<\/strong> Specialmente ai giorni nostri quando la stampa specializzata ha sub\u00ecto una contrazione di presenza, cos\u00ec come le pagine culturali nei giornali e nei periodici sono sempre di meno, con il web che invece di valore aggiunto rischia di perdersi in mille pagine dagli stessi contenuti? Eppure la musica non si \u00e8 mai fermata, al di l\u00e0 dei risultati e dei gusti personali. Anzi ha trovato nuove forme di espressione: si \u00e8 fatta liquida, si appoggia a quei social nati con scopi diversi. Allora forse, a maggior ragione, del giornalista o del critico musicale ce n\u2019\u00e8 sempre bisogno, proprio per indirizzare un ascoltatore (o pi\u00f9 preferibilmente un acquirente) a fare una scelta giusta. E in un periodo come quello attuale, c\u2019\u00e8 bisogno di parlare e confrontarci per darci degli strumenti comuni di approccio e di metodo, al di l\u00e0 della propria sensibilit\u00e0 personale e dello stile di scrittura. Soprattutto va dato <strong>uno sguardo importante alle giovani generazioni<\/strong>, perch\u00e9 crescano di pari passo con i loro coetanei che affrontano la difficile carriera nel mondo delle note. Un\u2019utopia? Forse. Ma spesso le idee si possono concretizzare e difficilmente questo avviene se si \u00e8 da soli.<\/p>\r\n\r\n\r\n\r\n<p><strong>Michele Manzotti<\/strong><\/p>\r\n\r\n\r\n\r\n<h2 class=\"wp-block-heading\">Direttivo AGIMP<\/h2>\r\n\r\n<p>&nbsp;<\/p>\r\n<p><span style=\"color: #000000; font-family: inherit; font-size: 24px; font-weight: bold; letter-spacing: -0.02em;\">A<\/span><span style=\"color: #000000; font-family: inherit; font-size: 24px; font-weight: bold; letter-spacing: -0.02em;\">lex Pierro, Presidente<\/span><\/p>\r\n<div class=\"wp-block-image\">\r\n<figure class=\"alignleft size-full is-resized\"><img loading=\"lazy\" decoding=\"async\" class=\"wp-image-85\" src=\"https:\/\/agimp.it\/wp-content\/uploads\/2022\/03\/ALEX.jpg\" alt=\"\" width=\"156\" height=\"189\" srcset=\"https:\/\/agimp.it\/wp-content\/uploads\/2022\/03\/ALEX.jpg 411w, https:\/\/agimp.it\/wp-content\/uploads\/2022\/03\/ALEX-247x300.jpg 247w\" sizes=\"auto, (max-width: 156px) 100vw, 156px\" \/><\/figure>\r\n<\/div>\r\n<p>Musicista, autore\/compositore, fondamentalmente artista. Professione che ha svolto per tanti anni. Poi, come spesso accade nella vita, le passioni mutano, cambiano forma, senza per\u00f2 perdere forza o intensit\u00e0, senza mutare in essenza ed \u00e8 cos\u00ec che, in modo abbastanza naturale, \u00e8 passato dall&#8217;altra parte della barricata dedicandosi al giornalismo e alla critica musicale. Giornalista\/videomaker, collabora con diverse realt\u00e0 tra cui Jam TV (<strong><a href=\"https:\/\/jamtv.it\/\">www.jamtv.it<\/a>)<\/strong>. Tutto fa parte dell&#8217;esigenza di raccontare e gli piace farlo in ogni modo: suonando, cantando, parlando, scrivendo e con ogni altro mezzo di cui \u00e8 capace. Su un palco, in un giornale, alla radio. E, allo stesso modo, cerca di perseguire tutto questo un po&#8217; come ha sempre fatto: da artista.<\/p>\r\n<h3>\u00a0<\/h3>\r\n<h3>\u00a0<\/h3>\r\n<h3>Francesco Spadafora, Vice Presidente<\/h3>\r\n<div class=\"wp-block-image\">\r\n<figure class=\"alignleft size-full is-resized\"><img loading=\"lazy\" decoding=\"async\" class=\"wp-image-93\" src=\"https:\/\/agimp.it\/wp-content\/uploads\/2022\/03\/Francesco-Spadafora.jpg\" alt=\"\" width=\"156\" height=\"189\" \/><\/figure>\r\n<\/div>\r\n<p>Nato a Gallipoli, giornalista. Laurea in Conservazione dei Beni Musicali con una tesi sulla storia della Rca, ha lavorato, fra gli altri, come corrispondente del &#8220;Nuovo Quotidiano di Puglia&#8221; e &#8220;Lecce Sera&#8221;. Attualmente direttore responsabile della testata giornalistica di &#8220;Radio Salentina&#8221;, emittente afferente al circuito InBlu. Vive e racconta la musica, attraverso speciali radiofonici, presentazioni ed eventi legati all&#8217;arte delle sette note<\/p>\r\n<h3>\u00a0<\/h3>\r\n<h3>\u00a0<\/h3>\r\n<h3>\u00a0<\/h3>\r\n<p>&nbsp;<\/p>\r\n<p>&nbsp;<\/p>\r\n<p>&nbsp;<\/p>\r\n<p>&nbsp;<\/p>\r\n<p><span style=\"color: #000000; font-family: inherit; font-size: 24px; font-weight: bold; letter-spacing: -0.02em;\">Michele Manzotti<\/span><\/p>\r\n<div class=\"wp-block-image\">\r\n<figure class=\"alignleft size-full is-resized\"><br clear=\"all\" \/>\r\n<div>\r\n<div class=\"xmprfx_gmail_signature\" dir=\"ltr\" data-smartmail=\"gmail_signature\">\r\n<div dir=\"ltr\">\r\n<div dir=\"ltr\">\u00a0<\/div>\r\n<div dir=\"ltr\">\u00a0<\/div>\r\n<div dir=\"ltr\">\u00a0<\/div>\r\n<div dir=\"ltr\">\u00a0<\/div>\r\n<\/div>\r\n<\/div>\r\n<\/div>\r\n<\/figure>\r\n<\/div>\r\n<div class=\"wp-block-image\">\r\n<figure class=\"alignleft size-full is-resized\"><img loading=\"lazy\" decoding=\"async\" class=\"wp-image-72\" src=\"https:\/\/agimp.it\/wp-content\/uploads\/2022\/03\/manzotti-foto-Cabras.jpg\" alt=\"\" width=\"156\" height=\"189\" \/><\/figure>\r\n<\/div>\r\n<p>Nato a Firenze nel 1960 (\u00e8 mancato a Roma il 28 aprile 2022, all&#8217;et\u00e0 di 62 anni) \u00e8 stato musicologo e giornalista. Dopo essersi laureato in Lettere nel 1986, ha collaborato con varie riviste, e ha insegnato storia della musica al Liceo musicale di Arezzo. Assunto al &#8220;Resto del Carlino&#8221; nel 1990, dal 1995 ha\u00a0 lavorato a &#8220;La Nazione&#8221;.<br \/>Nel 2002 in &#8220;Civilt\u00e0 Musicale&#8221; \u00e8 stato pubblicato il suo catalogo delle musiche non operistiche di Arrigo Boito. Dello stesso anno \u00e8 l&#8217;uscita del libro &#8220;Attilio Brugnoli &#8211; Il pianoforte e la sua mano&#8221; (Polistampa, Firenze) con cd allegato, con la prima incisione assoluta delle musiche di Brugnoli, compositore di cui ha poi raccolto l&#8217;opera omnia per l&#8217;Enap, stampata da Laterza nel 2006. Ha curato inoltre trasmissioni per l&#8217;emittente Rete Toscana Classica. Ha scritto anche i libri &#8220;My name is Pasquale&#8221; dedicato a Nicola Arigliano (con Ernesto de Pascale, Stampa Alternativa 2003) e Jethro Tull (Editori riuniti 2003). Dal 2011 ha diretto il sito &#8220;Il popolo del Blues&#8221; (<a href=\"http:\/\/www.ilpopolodelblues.com\" target=\"_blank\" rel=\"noreferrer noopener\">www.ilpopolodelblues.com<\/a>) ed \u00e8 stato uno dei conduttori dell&#8217;omonimo programma radio su Controradio Firenze. Ha fatto parte dell&#8217;European Folk Network. Per Instarock 1 ha curato il saggio &#8220;Jethro Tull, la diaspora del XXI secolo&#8221;. \u00c8 stato tra i fondatori e primo Presidente di AGIMP.<\/p>\r\n<h2><strong>CONTATTI:<\/strong><\/h2>\r\n<h3><strong><a href=\"mailto:info@agimp.it\">info@agimp.it<\/a><\/strong><\/h3>\r\n<h3><strong><a href=\"mailto:presidente@agimp.it\">presidente@agimp.it<\/a><\/strong><\/h3>","protected":false},"excerpt":{"rendered":"<p>Perch\u00e9 un\u2019associazione di giornalisti musicali? Specialmente ai giorni nostri quando la stampa specializzata ha sub\u00ecto una contrazione di presenza, cos\u00ec&hellip;<\/p>\n","protected":false},"author":3,"featured_media":0,"parent":0,"menu_order":0,"comment_status":"closed","ping_status":"closed","template":"","meta":{"footnotes":""},"class_list":["post-156","page","type-page","status-publish","hentry"],"yoast_head":"<!-- This site is optimized with the Yoast SEO plugin v20.4 - https:\/\/yoast.com\/wordpress\/plugins\/seo\/ -->\n<title>Chi siamo - Agimp<\/title>\n<meta name=\"robots\" content=\"index, follow, max-snippet:-1, max-image-preview:large, max-video-preview:-1\" \/>\n<link rel=\"canonical\" href=\"https:\/\/agimp.it\/index.php\/chi-siamo\/\" \/>\n<meta property=\"og:locale\" content=\"it_IT\" \/>\n<meta property=\"og:type\" content=\"article\" \/>\n<meta property=\"og:title\" content=\"Chi siamo - Agimp\" \/>\n<meta property=\"og:description\" content=\"Perch\u00e9 un\u2019associazione di giornalisti musicali? Specialmente ai giorni nostri quando la stampa specializzata ha sub\u00ecto una contrazione di presenza, cos\u00ec&hellip;\" \/>\n<meta property=\"og:url\" content=\"https:\/\/agimp.it\/index.php\/chi-siamo\/\" \/>\n<meta property=\"og:site_name\" content=\"Agimp\" \/>\n<meta property=\"article:modified_time\" content=\"2025-07-31T10:30:19+00:00\" \/>\n<meta property=\"og:image\" content=\"https:\/\/agimp.it\/wp-content\/uploads\/2022\/03\/ALEX.jpg\" \/>\n<meta name=\"twitter:card\" content=\"summary_large_image\" \/>\n<meta name=\"twitter:label1\" content=\"Tempo di lettura stimato\" \/>\n\t<meta name=\"twitter:data1\" content=\"4 minuti\" \/>\n<script type=\"application\/ld+json\" class=\"yoast-schema-graph\">{\"@context\":\"https:\/\/schema.org\",\"@graph\":[{\"@type\":\"WebPage\",\"@id\":\"https:\/\/agimp.it\/index.php\/chi-siamo\/\",\"url\":\"https:\/\/agimp.it\/index.php\/chi-siamo\/\",\"name\":\"Chi siamo - Agimp\",\"isPartOf\":{\"@id\":\"https:\/\/agimp.it\/#website\"},\"datePublished\":\"2022-11-10T18:39:52+00:00\",\"dateModified\":\"2025-07-31T10:30:19+00:00\",\"breadcrumb\":{\"@id\":\"https:\/\/agimp.it\/index.php\/chi-siamo\/#breadcrumb\"},\"inLanguage\":\"it-IT\",\"potentialAction\":[{\"@type\":\"ReadAction\",\"target\":[\"https:\/\/agimp.it\/index.php\/chi-siamo\/\"]}]},{\"@type\":\"BreadcrumbList\",\"@id\":\"https:\/\/agimp.it\/index.php\/chi-siamo\/#breadcrumb\",\"itemListElement\":[{\"@type\":\"ListItem\",\"position\":1,\"name\":\"Home\",\"item\":\"https:\/\/agimp.it\/\"},{\"@type\":\"ListItem\",\"position\":2,\"name\":\"Chi siamo\"}]},{\"@type\":\"WebSite\",\"@id\":\"https:\/\/agimp.it\/#website\",\"url\":\"https:\/\/agimp.it\/\",\"name\":\"Agimp\",\"description\":\"Sito ufficiale dell&#039;Associazione Giornalisti e critici Italiani di Musica Popolare contemporanea\",\"publisher\":{\"@id\":\"https:\/\/agimp.it\/#organization\"},\"potentialAction\":[{\"@type\":\"SearchAction\",\"target\":{\"@type\":\"EntryPoint\",\"urlTemplate\":\"https:\/\/agimp.it\/?s={search_term_string}\"},\"query-input\":\"required name=search_term_string\"}],\"inLanguage\":\"it-IT\"},{\"@type\":\"Organization\",\"@id\":\"https:\/\/agimp.it\/#organization\",\"name\":\"Agimp\",\"url\":\"https:\/\/agimp.it\/\",\"logo\":{\"@type\":\"ImageObject\",\"inLanguage\":\"it-IT\",\"@id\":\"https:\/\/agimp.it\/#\/schema\/logo\/image\/\",\"url\":\"https:\/\/agimp.it\/wp-content\/uploads\/2022\/03\/cropped-banner-sito.jpg\",\"contentUrl\":\"https:\/\/agimp.it\/wp-content\/uploads\/2022\/03\/cropped-banner-sito.jpg\",\"width\":1000,\"height\":327,\"caption\":\"Agimp\"},\"image\":{\"@id\":\"https:\/\/agimp.it\/#\/schema\/logo\/image\/\"}}]}<\/script>\n<!-- \/ Yoast SEO plugin. -->","yoast_head_json":{"title":"Chi siamo - Agimp","robots":{"index":"index","follow":"follow","max-snippet":"max-snippet:-1","max-image-preview":"max-image-preview:large","max-video-preview":"max-video-preview:-1"},"canonical":"https:\/\/agimp.it\/index.php\/chi-siamo\/","og_locale":"it_IT","og_type":"article","og_title":"Chi siamo - Agimp","og_description":"Perch\u00e9 un\u2019associazione di giornalisti musicali? Specialmente ai giorni nostri quando la stampa specializzata ha sub\u00ecto una contrazione di presenza, cos\u00ec&hellip;","og_url":"https:\/\/agimp.it\/index.php\/chi-siamo\/","og_site_name":"Agimp","article_modified_time":"2025-07-31T10:30:19+00:00","og_image":[{"url":"https:\/\/agimp.it\/wp-content\/uploads\/2022\/03\/ALEX.jpg"}],"twitter_card":"summary_large_image","twitter_misc":{"Tempo di lettura stimato":"4 minuti"},"schema":{"@context":"https:\/\/schema.org","@graph":[{"@type":"WebPage","@id":"https:\/\/agimp.it\/index.php\/chi-siamo\/","url":"https:\/\/agimp.it\/index.php\/chi-siamo\/","name":"Chi siamo - Agimp","isPartOf":{"@id":"https:\/\/agimp.it\/#website"},"datePublished":"2022-11-10T18:39:52+00:00","dateModified":"2025-07-31T10:30:19+00:00","breadcrumb":{"@id":"https:\/\/agimp.it\/index.php\/chi-siamo\/#breadcrumb"},"inLanguage":"it-IT","potentialAction":[{"@type":"ReadAction","target":["https:\/\/agimp.it\/index.php\/chi-siamo\/"]}]},{"@type":"BreadcrumbList","@id":"https:\/\/agimp.it\/index.php\/chi-siamo\/#breadcrumb","itemListElement":[{"@type":"ListItem","position":1,"name":"Home","item":"https:\/\/agimp.it\/"},{"@type":"ListItem","position":2,"name":"Chi siamo"}]},{"@type":"WebSite","@id":"https:\/\/agimp.it\/#website","url":"https:\/\/agimp.it\/","name":"Agimp","description":"Sito ufficiale dell&#039;Associazione Giornalisti e critici Italiani di Musica Popolare contemporanea","publisher":{"@id":"https:\/\/agimp.it\/#organization"},"potentialAction":[{"@type":"SearchAction","target":{"@type":"EntryPoint","urlTemplate":"https:\/\/agimp.it\/?s={search_term_string}"},"query-input":"required name=search_term_string"}],"inLanguage":"it-IT"},{"@type":"Organization","@id":"https:\/\/agimp.it\/#organization","name":"Agimp","url":"https:\/\/agimp.it\/","logo":{"@type":"ImageObject","inLanguage":"it-IT","@id":"https:\/\/agimp.it\/#\/schema\/logo\/image\/","url":"https:\/\/agimp.it\/wp-content\/uploads\/2022\/03\/cropped-banner-sito.jpg","contentUrl":"https:\/\/agimp.it\/wp-content\/uploads\/2022\/03\/cropped-banner-sito.jpg","width":1000,"height":327,"caption":"Agimp"},"image":{"@id":"https:\/\/agimp.it\/#\/schema\/logo\/image\/"}}]}},"_links":{"self":[{"href":"https:\/\/agimp.it\/index.php\/wp-json\/wp\/v2\/pages\/156","targetHints":{"allow":["GET"]}}],"collection":[{"href":"https:\/\/agimp.it\/index.php\/wp-json\/wp\/v2\/pages"}],"about":[{"href":"https:\/\/agimp.it\/index.php\/wp-json\/wp\/v2\/types\/page"}],"author":[{"embeddable":true,"href":"https:\/\/agimp.it\/index.php\/wp-json\/wp\/v2\/users\/3"}],"replies":[{"embeddable":true,"href":"https:\/\/agimp.it\/index.php\/wp-json\/wp\/v2\/comments?post=156"}],"version-history":[{"count":69,"href":"https:\/\/agimp.it\/index.php\/wp-json\/wp\/v2\/pages\/156\/revisions"}],"predecessor-version":[{"id":714,"href":"https:\/\/agimp.it\/index.php\/wp-json\/wp\/v2\/pages\/156\/revisions\/714"}],"wp:attachment":[{"href":"https:\/\/agimp.it\/index.php\/wp-json\/wp\/v2\/media?parent=156"}],"curies":[{"name":"wp","href":"https:\/\/api.w.org\/{rel}","templated":true}]}}